{"id":139,"date":"2021-08-19T17:20:20","date_gmt":"2021-08-19T17:20:20","guid":{"rendered":"https:\/\/sucoal.es\/?page_id=139"},"modified":"2021-10-05T18:41:42","modified_gmt":"2021-10-05T18:41:42","slug":"consumibles-construccion","status":"publish","type":"page","link":"https:\/\/sucoal.es\/?page_id=139","title":{"rendered":"Consumibles construcci\u00f3n"},"content":{"rendered":"\t\t<div data-elementor-type=\"wp-page\" data-elementor-id=\"139\" class=\"elementor elementor-139\" data-elementor-settings=\"[]\">\n\t\t\t\t\t\t\t<div class=\"elementor-section-wrap\">\n\t\t\t\t\t\t\t<section class=\"elementor-section elementor-top-section elementor-element elementor-element-4440945 elementor-section-boxed elementor-section-height-default elementor-section-height-default\" data-id=\"4440945\" data-element_type=\"section\">\n\t\t\t\t\t\t<div class=\"elementor-container elementor-column-gap-default\">\n\t\t\t\t\t<div class=\"elementor-column elementor-col-100 elementor-top-column elementor-element elementor-element-bafd364\" data-id=\"bafd364\" data-element_type=\"column\">\n\t\t\t<div class=\"elementor-widget-wrap elementor-element-populated\">\n\t\t\t\t\t\t\t\t<div class=\"elementor-element elementor-element-a81ac6a elementor-widget elementor-widget-image\" data-id=\"a81ac6a\" data-element_type=\"widget\" data-widget_type=\"image.default\">\n\t\t\t\t<div class=\"elementor-widget-container\">\n\t\t\t\t\t<div class=\"elementor-image\">\n\t\t\t\t\t\t\t\t\t\t<img loading=\"lazy\" decoding=\"async\" width=\"1024\" height=\"333\" src=\"https:\/\/sucoal.es\/wp-content\/uploads\/2021\/09\/PANOsenales-1024x333.jpg\" class=\"attachment-large size-large\" alt=\"\" srcset=\"https:\/\/sucoal.es\/wp-content\/uploads\/2021\/09\/PANOsenales-1024x333.jpg 1024w, https:\/\/sucoal.es\/wp-content\/uploads\/2021\/09\/PANOsenales-300x98.jpg 300w, https:\/\/sucoal.es\/wp-content\/uploads\/2021\/09\/PANOsenales-768x250.jpg 768w, https:\/\/sucoal.es\/wp-content\/uploads\/2021\/09\/PANOsenales-1536x499.jpg 1536w, https:\/\/sucoal.es\/wp-content\/uploads\/2021\/09\/PANOsenales.jpg 1920w\" sizes=\"auto, (max-width: 1024px) 100vw, 1024px\" \/>\t\t\t\t\t\t\t\t\t\t\t<\/div>\n\t\t\t\t<\/div>\n\t\t\t\t<\/div>\n\t\t\t\t\t<\/div>\n\t\t<\/div>\n\t\t\t\t\t\t\t<\/div>\n\t\t<\/section>\n\t\t\t\t<section class=\"elementor-section elementor-top-section elementor-element elementor-element-e4b050c elementor-section-boxed elementor-section-height-default elementor-section-height-default\" data-id=\"e4b050c\" data-element_type=\"section\" data-settings=\"{&quot;background_background&quot;:&quot;gradient&quot;}\">\n\t\t\t\t\t\t<div class=\"elementor-container elementor-column-gap-default\">\n\t\t\t\t\t<div class=\"elementor-column elementor-col-50 elementor-top-column elementor-element elementor-element-7fbbfc62\" data-id=\"7fbbfc62\" data-element_type=\"column\">\n\t\t\t<div class=\"elementor-widget-wrap elementor-element-populated\">\n\t\t\t\t\t\t\t\t<div class=\"elementor-element elementor-element-616c25f2 elementor-widget elementor-widget-text-editor\" data-id=\"616c25f2\" data-element_type=\"widget\" data-widget_type=\"text-editor.default\">\n\t\t\t\t<div class=\"elementor-widget-container\">\n\t\t\t\t\t<div class=\"elementor-text-editor elementor-clearfix\"><p style=\"font-size: 15px; font-style: normal; font-weight: 400; text-align: left;\"><span style=\"color: #000000;\">Separadores pl\u00e1stico y hormig\u00f3n<\/span><\/p><p style=\"font-size: 15px; font-style: normal; font-weight: 400; text-align: left;\"><span style=\"color: #000000;\">Sistemas de nivelaci\u00f3n<\/span><\/p><p style=\"font-size: 15px; font-style: normal; font-weight: 400; text-align: left;\"><span style=\"color: #000000;\">Tubo de encofrado<\/span><\/p><p style=\"font-size: 15px; font-style: normal; font-weight: 400; text-align: left;\"><span style=\"color: #000000;\">Distanciadores<\/span><\/p><p style=\"font-size: 15px; font-style: normal; font-weight: 400; text-align: left;\"><span style=\"color: #000000;\">Conos guardacuerpo<\/span><\/p><p style=\"font-size: 15px; font-style: normal; font-weight: 400; text-align: left;\"><span style=\"color: #000000;\">Setas protectoras<\/span><\/p><p style=\"font-size: 15px; font-style: normal; font-weight: 400; text-align: left;\"><span style=\"color: #000000;\">Berenjenos<\/span><\/p><p style=\"font-size: 15px; font-style: normal; font-weight: 400; text-align: left;\"><span style=\"color: #000000;\">Junquillos y guardacuerpos<\/span><\/p><\/div>\n\t\t\t\t<\/div>\n\t\t\t\t<\/div>\n\t\t\t\t\t<\/div>\n\t\t<\/div>\n\t\t\t\t<div class=\"elementor-column elementor-col-50 elementor-top-column elementor-element elementor-element-15ff2763\" data-id=\"15ff2763\" data-element_type=\"column\">\n\t\t\t<div class=\"elementor-widget-wrap elementor-element-populated\">\n\t\t\t\t\t\t\t\t<div class=\"elementor-element elementor-element-1b47b20c elementor-widget elementor-widget-text-editor\" data-id=\"1b47b20c\" data-element_type=\"widget\" data-widget_type=\"text-editor.default\">\n\t\t\t\t<div class=\"elementor-widget-container\">\n\t\t\t\t\t<div class=\"elementor-text-editor elementor-clearfix\"><p style=\"font-size: 15px; font-style: normal; font-weight: 400;\"><span style=\"color: #000000;\">Sacos Big Bag<\/span><\/p>\n<p style=\"font-size: 15px; font-style: normal; font-weight: 400;\"><span style=\"color: #000000;\">Pates de pozo<\/span><\/p>\n<p style=\"font-size: 15px; font-style: normal; font-weight: 400;\"><span style=\"color: #000000;\">Mallas para obra&nbsp;<\/span><\/p>\n<p style=\"font-size: 15px; font-style: normal; font-weight: 400;\"><span style=\"color: #000000;\">Mallas de ocultaci\u00f3n<\/span><\/p>\n<p style=\"font-size: 15px; font-style: normal; font-weight: 400;\"><span style=\"color: #000000;\">Mallas de seguridad<\/span><\/p>\n<p style=\"font-size: 15px; font-style: normal; font-weight: 400;\"><span style=\"color: #000000;\">Mallas de fachadas<\/span><\/p>\n<p style=\"font-size: 15px; font-style: normal; font-weight: 400;\"><span style=\"color: #000000;\">Se\u00f1alizaci\u00f3n y topograf\u00eda<\/span><\/p><\/div>\n\t\t\t\t<\/div>\n\t\t\t\t<\/div>\n\t\t\t\t\t<\/div>\n\t\t<\/div>\n\t\t\t\t\t\t\t<\/div>\n\t\t<\/section>\n\t\t\t\t\t\t<\/div>\n\t\t\t\t\t<\/div>\n\t\t","protected":false},"excerpt":{"rendered":"<p>Separadores pl\u00e1stico y hormig\u00f3n Sistemas de nivelaci\u00f3n Tubo de encofrado Distanciadores Conos guardacuerpo Setas protectoras Berenjenos Junquillos y guardacuerpos Sacos Big Bag Pates de pozo Mallas para obra&nbsp; Mallas de ocultaci\u00f3n Mallas de seguridad Mallas de fachadas Se\u00f1alizaci\u00f3n y topograf\u00eda<\/p>\n","protected":false},"author":1,"featured_media":0,"parent":102,"menu_order":3,"comment_status":"closed","ping_status":"closed","template":"","meta":{"footnotes":""},"class_list":["post-139","page","type-page","status-publish","hentry"],"_links":{"self":[{"href":"https:\/\/sucoal.es\/index.php?rest_route=\/wp\/v2\/pages\/139","targetHints":{"allow":["GET"]}}],"collection":[{"href":"https:\/\/sucoal.es\/index.php?rest_route=\/wp\/v2\/pages"}],"about":[{"href":"https:\/\/sucoal.es\/index.php?rest_route=\/wp\/v2\/types\/page"}],"author":[{"embeddable":true,"href":"https:\/\/sucoal.es\/index.php?rest_route=\/wp\/v2\/users\/1"}],"replies":[{"embeddable":true,"href":"https:\/\/sucoal.es\/index.php?rest_route=%2Fwp%2Fv2%2Fcomments&post=139"}],"version-history":[{"count":7,"href":"https:\/\/sucoal.es\/index.php?rest_route=\/wp\/v2\/pages\/139\/revisions"}],"predecessor-version":[{"id":336,"href":"https:\/\/sucoal.es\/index.php?rest_route=\/wp\/v2\/pages\/139\/revisions\/336"}],"up":[{"embeddable":true,"href":"https:\/\/sucoal.es\/index.php?rest_route=\/wp\/v2\/pages\/102"}],"wp:attachment":[{"href":"https:\/\/sucoal.es\/index.php?rest_route=%2Fwp%2Fv2%2Fmedia&parent=139"}],"curies":[{"name":"wp","href":"https:\/\/api.w.org\/{rel}","templated":true}]}}