{"id":107,"date":"2021-08-19T16:41:46","date_gmt":"2021-08-19T16:41:46","guid":{"rendered":"https:\/\/sucoal.es\/?page_id=107"},"modified":"2021-09-01T16:29:48","modified_gmt":"2021-09-01T16:29:48","slug":"jardineria","status":"publish","type":"page","link":"https:\/\/sucoal.es\/?page_id=107","title":{"rendered":"Jardiner\u00eda"},"content":{"rendered":"\t\t<div data-elementor-type=\"wp-page\" data-elementor-id=\"107\" class=\"elementor elementor-107\" data-elementor-settings=\"[]\">\n\t\t\t\t\t\t\t<div class=\"elementor-section-wrap\">\n\t\t\t\t\t\t\t<section class=\"elementor-section elementor-top-section elementor-element elementor-element-88722dd elementor-section-boxed elementor-section-height-default elementor-section-height-default\" data-id=\"88722dd\" data-element_type=\"section\">\n\t\t\t\t\t\t<div class=\"elementor-container elementor-column-gap-default\">\n\t\t\t\t\t<div class=\"elementor-column elementor-col-100 elementor-top-column elementor-element elementor-element-3678496\" data-id=\"3678496\" data-element_type=\"column\">\n\t\t\t<div class=\"elementor-widget-wrap elementor-element-populated\">\n\t\t\t\t\t\t\t\t<div class=\"elementor-element elementor-element-f411929 elementor-widget elementor-widget-image\" data-id=\"f411929\" data-element_type=\"widget\" data-widget_type=\"image.default\">\n\t\t\t\t<div class=\"elementor-widget-container\">\n\t\t\t\t\t<div class=\"elementor-image\">\n\t\t\t\t\t\t\t\t\t\t<img loading=\"lazy\" decoding=\"async\" width=\"1024\" height=\"370\" src=\"https:\/\/sucoal.es\/wp-content\/uploads\/2021\/09\/2PANORAMICAjardineria-1-1024x370.jpg\" class=\"attachment-large size-large\" alt=\"\" srcset=\"https:\/\/sucoal.es\/wp-content\/uploads\/2021\/09\/2PANORAMICAjardineria-1-1024x370.jpg 1024w, https:\/\/sucoal.es\/wp-content\/uploads\/2021\/09\/2PANORAMICAjardineria-1-300x108.jpg 300w, https:\/\/sucoal.es\/wp-content\/uploads\/2021\/09\/2PANORAMICAjardineria-1-768x277.jpg 768w, https:\/\/sucoal.es\/wp-content\/uploads\/2021\/09\/2PANORAMICAjardineria-1-1536x554.jpg 1536w, https:\/\/sucoal.es\/wp-content\/uploads\/2021\/09\/2PANORAMICAjardineria-1.jpg 1906w\" sizes=\"auto, (max-width: 1024px) 100vw, 1024px\" \/>\t\t\t\t\t\t\t\t\t\t\t<\/div>\n\t\t\t\t<\/div>\n\t\t\t\t<\/div>\n\t\t\t\t\t<\/div>\n\t\t<\/div>\n\t\t\t\t\t\t\t<\/div>\n\t\t<\/section>\n\t\t\t\t<section class=\"elementor-section elementor-top-section elementor-element elementor-element-5db2c187 elementor-section-boxed elementor-section-height-default elementor-section-height-default\" data-id=\"5db2c187\" data-element_type=\"section\" data-settings=\"{&quot;background_background&quot;:&quot;gradient&quot;}\">\n\t\t\t\t\t\t<div class=\"elementor-container elementor-column-gap-default\">\n\t\t\t\t\t<div class=\"elementor-column elementor-col-50 elementor-top-column elementor-element elementor-element-2a3ec45d\" data-id=\"2a3ec45d\" data-element_type=\"column\">\n\t\t\t<div class=\"elementor-widget-wrap elementor-element-populated\">\n\t\t\t\t\t\t\t\t<div class=\"elementor-element elementor-element-10445e9c elementor-widget elementor-widget-text-editor\" data-id=\"10445e9c\" data-element_type=\"widget\" data-widget_type=\"text-editor.default\">\n\t\t\t\t<div class=\"elementor-widget-container\">\n\t\t\t\t\t<div class=\"elementor-text-editor elementor-clearfix\"><p style=\"font-size: 15px; font-style: normal; font-weight: 400; text-align: left;\"><span style=\"color: #000000;\">Ahoyador de gasolina<\/span><\/p><p><span style=\"color: #000000;\">Cortac\u00e9sped de gasolina<\/span><\/p><p><span style=\"color: #000000;\">Cortac\u00e9sped el\u00e9ctrico<\/span><\/p><p><span style=\"color: #000000;\">Cortasetos de gasolina<\/span><\/p><p><span style=\"color: #000000;\">Cortasetos el\u00e9ctrico<\/span><\/p><p><span style=\"color: #000000;\">Desbrozadora profesional de gasolina<\/span><\/p><\/div>\n\t\t\t\t<\/div>\n\t\t\t\t<\/div>\n\t\t\t\t\t<\/div>\n\t\t<\/div>\n\t\t\t\t<div class=\"elementor-column elementor-col-50 elementor-top-column elementor-element elementor-element-76fb1dcd\" data-id=\"76fb1dcd\" data-element_type=\"column\">\n\t\t\t<div class=\"elementor-widget-wrap elementor-element-populated\">\n\t\t\t\t\t\t\t\t<div class=\"elementor-element elementor-element-194e0c18 elementor-widget elementor-widget-text-editor\" data-id=\"194e0c18\" data-element_type=\"widget\" data-widget_type=\"text-editor.default\">\n\t\t\t\t<div class=\"elementor-widget-container\">\n\t\t\t\t\t<div class=\"elementor-text-editor elementor-clearfix\"><p><span style=\"color: #000000;\">Desbrozadora el\u00e9ctrica<\/span><\/p><p><span style=\"color: #000000;\">Escarificador de gasolina<\/span><\/p><p><span style=\"color: #000000;\">Hidrolimpiadora el\u00e9ctrica profesional<\/span><\/p><p><span style=\"color: #000000;\">Motoazada de gasolina<\/span><\/p><p><span style=\"color: #000000;\">Motosierra de gasolina<\/span><\/p><p><span style=\"color: #000000;\">Motosierra el\u00e9ctrica<\/span><\/p><\/div>\n\t\t\t\t<\/div>\n\t\t\t\t<\/div>\n\t\t\t\t\t<\/div>\n\t\t<\/div>\n\t\t\t\t\t\t\t<\/div>\n\t\t<\/section>\n\t\t\t\t\t\t<\/div>\n\t\t\t\t\t<\/div>\n\t\t","protected":false},"excerpt":{"rendered":"<p>Ahoyador de gasolina Cortac\u00e9sped de gasolina Cortac\u00e9sped el\u00e9ctrico Cortasetos de gasolina Cortasetos el\u00e9ctrico Desbrozadora profesional de gasolina Desbrozadora el\u00e9ctrica Escarificador de gasolina Hidrolimpiadora el\u00e9ctrica profesional Motoazada de gasolina Motosierra de gasolina Motosierra el\u00e9ctrica<\/p>\n","protected":false},"author":1,"featured_media":0,"parent":83,"menu_order":1,"comment_status":"closed","ping_status":"closed","template":"","meta":{"footnotes":""},"class_list":["post-107","page","type-page","status-publish","hentry"],"_links":{"self":[{"href":"https:\/\/sucoal.es\/index.php?rest_route=\/wp\/v2\/pages\/107","targetHints":{"allow":["GET"]}}],"collection":[{"href":"https:\/\/sucoal.es\/index.php?rest_route=\/wp\/v2\/pages"}],"about":[{"href":"https:\/\/sucoal.es\/index.php?rest_route=\/wp\/v2\/types\/page"}],"author":[{"embeddable":true,"href":"https:\/\/sucoal.es\/index.php?rest_route=\/wp\/v2\/users\/1"}],"replies":[{"embeddable":true,"href":"https:\/\/sucoal.es\/index.php?rest_route=%2Fwp%2Fv2%2Fcomments&post=107"}],"version-history":[{"count":14,"href":"https:\/\/sucoal.es\/index.php?rest_route=\/wp\/v2\/pages\/107\/revisions"}],"predecessor-version":[{"id":241,"href":"https:\/\/sucoal.es\/index.php?rest_route=\/wp\/v2\/pages\/107\/revisions\/241"}],"up":[{"embeddable":true,"href":"https:\/\/sucoal.es\/index.php?rest_route=\/wp\/v2\/pages\/83"}],"wp:attachment":[{"href":"https:\/\/sucoal.es\/index.php?rest_route=%2Fwp%2Fv2%2Fmedia&parent=107"}],"curies":[{"name":"wp","href":"https:\/\/api.w.org\/{rel}","templated":true}]}}